{"id":195,"date":"2020-09-11T12:21:20","date_gmt":"2020-09-11T12:21:20","guid":{"rendered":"https:\/\/stockholm89.qodeinteractive.com\/?page_id=15"},"modified":"2022-02-16T14:53:04","modified_gmt":"2022-02-16T14:53:04","slug":"about","status":"publish","type":"page","link":"http:\/\/www.chrisk.fi\/index.php\/about\/","title":{"rendered":"ChrisK"},"content":{"rendered":"\t\t<div data-elementor-type=\"wp-page\" data-elementor-id=\"195\" class=\"elementor elementor-195\" data-elementor-settings=\"[]\">\n\t\t\t\t\t\t\t<div class=\"elementor-section-wrap\">\n\t\t\t\t\t\t\t<section class=\"elementor-section elementor-top-section elementor-element elementor-element-1062cdd qode_elementor_container_inner elementor-section-boxed elementor-section-height-default elementor-section-height-default parallax_section_no qode-content-aligment-left\" data-id=\"1062cdd\" data-element_type=\"section\">\n\t\t\t\t\t\t<div class=\"elementor-container elementor-column-gap-default\">\n\t\t\t\t\t<div class=\"elementor-column elementor-col-50 elementor-top-column elementor-element elementor-element-bf5136b\" data-id=\"bf5136b\" data-element_type=\"column\">\n\t\t\t<div class=\"elementor-widget-wrap elementor-element-populated\">\n\t\t\t\t\t\t\t\t<div class=\"elementor-element elementor-element-e9d21d6 elementor-widget elementor-widget-image\" data-id=\"e9d21d6\" data-element_type=\"widget\" data-widget_type=\"image.default\">\n\t\t\t\t<div class=\"elementor-widget-container\">\n\t\t\t<style>\/*! elementor - v3.5.5 - 03-02-2022 *\/\n.elementor-widget-image{text-align:center}.elementor-widget-image a{display:inline-block}.elementor-widget-image a img[src$=\".svg\"]{width:48px}.elementor-widget-image img{vertical-align:middle;display:inline-block}<\/style>\t\t\t\t\t\t\t\t\t\t\t\t<img width=\"1536\" height=\"1536\" src=\"http:\/\/www.chrisk.fi\/wp-content\/uploads\/2021\/12\/Chris-1.jpg\" class=\"attachment-full size-full\" alt=\"Chris\" loading=\"lazy\" srcset=\"http:\/\/www.chrisk.fi\/wp-content\/uploads\/2021\/12\/Chris-1.jpg 1536w, http:\/\/www.chrisk.fi\/wp-content\/uploads\/2021\/12\/Chris-1-300x300.jpg 300w, http:\/\/www.chrisk.fi\/wp-content\/uploads\/2021\/12\/Chris-1-1024x1024.jpg 1024w, http:\/\/www.chrisk.fi\/wp-content\/uploads\/2021\/12\/Chris-1-150x150.jpg 150w, http:\/\/www.chrisk.fi\/wp-content\/uploads\/2021\/12\/Chris-1-768x768.jpg 768w, http:\/\/www.chrisk.fi\/wp-content\/uploads\/2021\/12\/Chris-1-550x550.jpg 550w, http:\/\/www.chrisk.fi\/wp-content\/uploads\/2021\/12\/Chris-1-500x500.jpg 500w, http:\/\/www.chrisk.fi\/wp-content\/uploads\/2021\/12\/Chris-1-1000x1000.jpg 1000w, http:\/\/www.chrisk.fi\/wp-content\/uploads\/2021\/12\/Chris-1-700x700.jpg 700w, http:\/\/www.chrisk.fi\/wp-content\/uploads\/2021\/12\/Chris-1-1100x1100.jpg 1100w, http:\/\/www.chrisk.fi\/wp-content\/uploads\/2021\/12\/Chris-1-650x650.jpg 650w, http:\/\/www.chrisk.fi\/wp-content\/uploads\/2021\/12\/Chris-1-1300x1300.jpg 1300w\" sizes=\"(max-width: 1536px) 100vw, 1536px\" \/>\t\t\t\t\t\t\t\t\t\t\t\t\t\t\t<\/div>\n\t\t\t\t<\/div>\n\t\t\t\t\t<\/div>\n\t\t<\/div>\n\t\t\t\t<div class=\"elementor-column elementor-col-50 elementor-top-column elementor-element elementor-element-e1fd449\" data-id=\"e1fd449\" data-element_type=\"column\">\n\t\t\t<div class=\"elementor-widget-wrap elementor-element-populated\">\n\t\t\t\t\t\t\t\t<div class=\"elementor-element elementor-element-c835c8a elementor-widget elementor-widget-text-editor\" data-id=\"c835c8a\" data-element_type=\"widget\" data-widget_type=\"text-editor.default\">\n\t\t\t\t<div class=\"elementor-widget-container\">\n\t\t\t<style>\/*! elementor - v3.5.5 - 03-02-2022 *\/\n.elementor-widget-text-editor.elementor-drop-cap-view-stacked .elementor-drop-cap{background-color:#818a91;color:#fff}.elementor-widget-text-editor.elementor-drop-cap-view-framed .elementor-drop-cap{color:#818a91;border:3px solid;background-color:transparent}.elementor-widget-text-editor:not(.elementor-drop-cap-view-default) .elementor-drop-cap{margin-top:8px}.elementor-widget-text-editor:not(.elementor-drop-cap-view-default) .elementor-drop-cap-letter{width:1em;height:1em}.elementor-widget-text-editor .elementor-drop-cap{float:left;text-align:center;line-height:1;font-size:50px}.elementor-widget-text-editor .elementor-drop-cap-letter{display:inline-block}<\/style>\t\t\t\t<h1>Chris-Tomas Konieczny<\/h1>\t\t\t\t\t\t<\/div>\n\t\t\t\t<\/div>\n\t\t\t\t<div class=\"elementor-element elementor-element-8327a72 elementor-widget elementor-widget-text-editor\" data-id=\"8327a72\" data-element_type=\"widget\" data-widget_type=\"text-editor.default\">\n\t\t\t\t<div class=\"elementor-widget-container\">\n\t\t\t\t\t\t\t<p>Olen valokuvaaja Chris-Tomas Konieczny ja toimin p\u00e4\u00e4s\u00e4\u00e4nt\u00f6isesti Uudellamaalla,\u00a0 mutta matkustan my\u00f6s pidemm\u00e4llekin. Minulle on t\u00e4rke\u00e4\u00e4 saada aikaan visuaalisesti miellytt\u00e4vi\u00e4 kuvia joita katsellaan mielell\u00e4\u00e4n pidemp\u00e4\u00e4nkin ja joissa on sis\u00e4lt\u00f6\u00e4.<\/p><p>\u00a0<\/p><p>Takataskussani on linssisuojuksen lis\u00e4ksi kuva-artesaanin tutkinto ja media-alan ammattitutkinto. Olen helposti l\u00e4hestytt\u00e4v\u00e4 persoona ja tulen hyvin toimeen erilaisten ihmisten kanssa.<\/p><p>\u00a0<\/p><p>Studioni sijaitsee Karkkilan keskustassa, Pohjanpirtintalossa osoitteessa Tammelantie 1.<\/p>\t\t\t\t\t\t<\/div>\n\t\t\t\t<\/div>\n\t\t\t\t<div class=\"elementor-element elementor-element-efd31e6 elementor-widget elementor-widget-text-editor\" data-id=\"efd31e6\" data-element_type=\"widget\" data-widget_type=\"text-editor.default\">\n\t\t\t\t<div class=\"elementor-widget-container\">\n\t\t\t\t\t\t\t\t\t\t\t\t\t<\/div>\n\t\t\t\t<\/div>\n\t\t\t\t<div class=\"elementor-element elementor-element-38ae0b1 elementor-widget elementor-widget-text-editor\" data-id=\"38ae0b1\" data-element_type=\"widget\" data-widget_type=\"text-editor.default\">\n\t\t\t\t<div class=\"elementor-widget-container\">\n\t\t\t\t\t\t\t<h5>Katso tekemi\u00e4ni t\u00f6it\u00e4:<\/h5>\t\t\t\t\t\t<\/div>\n\t\t\t\t<\/div>\n\t\t\t\t<div class=\"elementor-element elementor-element-c259142 elementor-widget elementor-widget-text-editor\" data-id=\"c259142\" data-element_type=\"widget\" data-widget_type=\"text-editor.default\">\n\t\t\t\t<div class=\"elementor-widget-container\">\n\t\t\t\t\t\t\t<p><a href=\"https:\/\/www.chrisk.fi\/index.php\/portfolio-chrisk\/\">Portfolio<\/a><\/p>\t\t\t\t\t\t<\/div>\n\t\t\t\t<\/div>\n\t\t\t\t\t<\/div>\n\t\t<\/div>\n\t\t\t\t\t\t\t<\/div>\n\t\t<\/section>\n\t\t\t\t\t\t<\/div>\n\t\t\t\t\t<\/div>\n\t\t","protected":false},"excerpt":{"rendered":"<p>Chris-Tomas Konieczny Olen valokuvaaja Chris-Tomas Konieczny ja toimin p\u00e4\u00e4s\u00e4\u00e4nt\u00f6isesti Uudellamaalla,\u00a0 mutta matkustan my\u00f6s pidemm\u00e4llekin. Minulle on t\u00e4rke\u00e4\u00e4 saada aikaan visuaalisesti miellytt\u00e4vi\u00e4 kuvia joita katsellaan mielell\u00e4\u00e4n pidemp\u00e4\u00e4nkin ja joissa on sis\u00e4lt\u00f6\u00e4. \u00a0 Takataskussani on linssisuojuksen lis\u00e4ksi kuva-artesaanin tutkinto ja media-alan ammattitutkinto. Olen helposti l\u00e4hestytt\u00e4v\u00e4 persoona ja&#8230;<\/p>\n","protected":false},"author":1,"featured_media":0,"parent":0,"menu_order":0,"comment_status":"closed","ping_status":"closed","template":"full_width.php","meta":[],"yoast_head":"<!-- This site is optimized with the Yoast SEO plugin v18.2 - https:\/\/yoast.com\/wordpress\/plugins\/seo\/ -->\n<title>ChrisK - Chris K<\/title>\n<meta name=\"description\" content=\"Chris K - Valokuvaaja Uudeltamaalta. Kaupalliset tuotekuvat ja mestarilliset muotokuyvat eri lokaatioissa ja omassa studiossa.\" \/>\n<meta name=\"robots\" content=\"index, follow, max-snippet:-1, max-image-preview:large, max-video-preview:-1\" \/>\n<link rel=\"canonical\" href=\"http:\/\/www.chrisk.fi\/index.php\/about\/\" \/>\n<meta property=\"og:locale\" content=\"fi_FI\" \/>\n<meta property=\"og:type\" content=\"article\" \/>\n<meta property=\"og:title\" content=\"ChrisK - Chris K\" \/>\n<meta property=\"og:description\" content=\"Chris K - Valokuvaaja Uudeltamaalta. Kaupalliset tuotekuvat ja mestarilliset muotokuyvat eri lokaatioissa ja omassa studiossa.\" \/>\n<meta property=\"og:url\" content=\"http:\/\/www.chrisk.fi\/index.php\/about\/\" \/>\n<meta property=\"og:site_name\" content=\"Chris K\" \/>\n<meta property=\"article:modified_time\" content=\"2022-02-16T14:53:04+00:00\" \/>\n<meta property=\"og:image\" content=\"http:\/\/www.chrisk.fi\/wp-content\/uploads\/2021\/12\/Chris-1.jpg\" \/>\n<meta name=\"twitter:card\" content=\"summary_large_image\" \/>\n<meta name=\"twitter:label1\" content=\"Arvioitu lukuaika\" \/>\n\t<meta name=\"twitter:data1\" content=\"1 minuutti\" \/>\n<script type=\"application\/ld+json\" class=\"yoast-schema-graph\">{\"@context\":\"https:\/\/schema.org\",\"@graph\":[{\"@type\":\"WebSite\",\"@id\":\"https:\/\/www.chrisk.fi\/#website\",\"url\":\"https:\/\/www.chrisk.fi\/\",\"name\":\"Chris K\",\"description\":\"Valokuvaaja Uudeltamaalta\",\"potentialAction\":[{\"@type\":\"SearchAction\",\"target\":{\"@type\":\"EntryPoint\",\"urlTemplate\":\"https:\/\/www.chrisk.fi\/?s={search_term_string}\"},\"query-input\":\"required name=search_term_string\"}],\"inLanguage\":\"fi\"},{\"@type\":\"ImageObject\",\"@id\":\"http:\/\/www.chrisk.fi\/index.php\/about\/#primaryimage\",\"inLanguage\":\"fi\",\"url\":\"http:\/\/www.chrisk.fi\/wp-content\/uploads\/2021\/12\/Chris-1.jpg\",\"contentUrl\":\"http:\/\/www.chrisk.fi\/wp-content\/uploads\/2021\/12\/Chris-1.jpg\",\"width\":1536,\"height\":1536,\"caption\":\"Chris\"},{\"@type\":\"WebPage\",\"@id\":\"http:\/\/www.chrisk.fi\/index.php\/about\/#webpage\",\"url\":\"http:\/\/www.chrisk.fi\/index.php\/about\/\",\"name\":\"ChrisK - Chris K\",\"isPartOf\":{\"@id\":\"https:\/\/www.chrisk.fi\/#website\"},\"primaryImageOfPage\":{\"@id\":\"http:\/\/www.chrisk.fi\/index.php\/about\/#primaryimage\"},\"datePublished\":\"2020-09-11T12:21:20+00:00\",\"dateModified\":\"2022-02-16T14:53:04+00:00\",\"description\":\"Chris K - Valokuvaaja Uudeltamaalta. Kaupalliset tuotekuvat ja mestarilliset muotokuyvat eri lokaatioissa ja omassa studiossa.\",\"breadcrumb\":{\"@id\":\"http:\/\/www.chrisk.fi\/index.php\/about\/#breadcrumb\"},\"inLanguage\":\"fi\",\"potentialAction\":[{\"@type\":\"ReadAction\",\"target\":[\"http:\/\/www.chrisk.fi\/index.php\/about\/\"]}]},{\"@type\":\"BreadcrumbList\",\"@id\":\"http:\/\/www.chrisk.fi\/index.php\/about\/#breadcrumb\",\"itemListElement\":[{\"@type\":\"ListItem\",\"position\":1,\"name\":\"Etusivu\",\"item\":\"https:\/\/www.chrisk.fi\/\"},{\"@type\":\"ListItem\",\"position\":2,\"name\":\"ChrisK\"}]}]}<\/script>\n<!-- \/ Yoast SEO plugin. -->","yoast_head_json":{"title":"ChrisK - Chris K","description":"Chris K - Valokuvaaja Uudeltamaalta. Kaupalliset tuotekuvat ja mestarilliset muotokuyvat eri lokaatioissa ja omassa studiossa.","robots":{"index":"index","follow":"follow","max-snippet":"max-snippet:-1","max-image-preview":"max-image-preview:large","max-video-preview":"max-video-preview:-1"},"canonical":"http:\/\/www.chrisk.fi\/index.php\/about\/","og_locale":"fi_FI","og_type":"article","og_title":"ChrisK - Chris K","og_description":"Chris K - Valokuvaaja Uudeltamaalta. Kaupalliset tuotekuvat ja mestarilliset muotokuyvat eri lokaatioissa ja omassa studiossa.","og_url":"http:\/\/www.chrisk.fi\/index.php\/about\/","og_site_name":"Chris K","article_modified_time":"2022-02-16T14:53:04+00:00","og_image":[{"url":"http:\/\/www.chrisk.fi\/wp-content\/uploads\/2021\/12\/Chris-1.jpg"}],"twitter_card":"summary_large_image","twitter_misc":{"Arvioitu lukuaika":"1 minuutti"},"schema":{"@context":"https:\/\/schema.org","@graph":[{"@type":"WebSite","@id":"https:\/\/www.chrisk.fi\/#website","url":"https:\/\/www.chrisk.fi\/","name":"Chris K","description":"Valokuvaaja Uudeltamaalta","potentialAction":[{"@type":"SearchAction","target":{"@type":"EntryPoint","urlTemplate":"https:\/\/www.chrisk.fi\/?s={search_term_string}"},"query-input":"required name=search_term_string"}],"inLanguage":"fi"},{"@type":"ImageObject","@id":"http:\/\/www.chrisk.fi\/index.php\/about\/#primaryimage","inLanguage":"fi","url":"http:\/\/www.chrisk.fi\/wp-content\/uploads\/2021\/12\/Chris-1.jpg","contentUrl":"http:\/\/www.chrisk.fi\/wp-content\/uploads\/2021\/12\/Chris-1.jpg","width":1536,"height":1536,"caption":"Chris"},{"@type":"WebPage","@id":"http:\/\/www.chrisk.fi\/index.php\/about\/#webpage","url":"http:\/\/www.chrisk.fi\/index.php\/about\/","name":"ChrisK - Chris K","isPartOf":{"@id":"https:\/\/www.chrisk.fi\/#website"},"primaryImageOfPage":{"@id":"http:\/\/www.chrisk.fi\/index.php\/about\/#primaryimage"},"datePublished":"2020-09-11T12:21:20+00:00","dateModified":"2022-02-16T14:53:04+00:00","description":"Chris K - Valokuvaaja Uudeltamaalta. Kaupalliset tuotekuvat ja mestarilliset muotokuyvat eri lokaatioissa ja omassa studiossa.","breadcrumb":{"@id":"http:\/\/www.chrisk.fi\/index.php\/about\/#breadcrumb"},"inLanguage":"fi","potentialAction":[{"@type":"ReadAction","target":["http:\/\/www.chrisk.fi\/index.php\/about\/"]}]},{"@type":"BreadcrumbList","@id":"http:\/\/www.chrisk.fi\/index.php\/about\/#breadcrumb","itemListElement":[{"@type":"ListItem","position":1,"name":"Etusivu","item":"https:\/\/www.chrisk.fi\/"},{"@type":"ListItem","position":2,"name":"ChrisK"}]}]}},"_links":{"self":[{"href":"http:\/\/www.chrisk.fi\/index.php\/wp-json\/wp\/v2\/pages\/195"}],"collection":[{"href":"http:\/\/www.chrisk.fi\/index.php\/wp-json\/wp\/v2\/pages"}],"about":[{"href":"http:\/\/www.chrisk.fi\/index.php\/wp-json\/wp\/v2\/types\/page"}],"author":[{"embeddable":true,"href":"http:\/\/www.chrisk.fi\/index.php\/wp-json\/wp\/v2\/users\/1"}],"replies":[{"embeddable":true,"href":"http:\/\/www.chrisk.fi\/index.php\/wp-json\/wp\/v2\/comments?post=195"}],"version-history":[{"count":4,"href":"http:\/\/www.chrisk.fi\/index.php\/wp-json\/wp\/v2\/pages\/195\/revisions"}],"predecessor-version":[{"id":1110,"href":"http:\/\/www.chrisk.fi\/index.php\/wp-json\/wp\/v2\/pages\/195\/revisions\/1110"}],"wp:attachment":[{"href":"http:\/\/www.chrisk.fi\/index.php\/wp-json\/wp\/v2\/media?parent=195"}],"curies":[{"name":"wp","href":"https:\/\/api.w.org\/{rel}","templated":true}]}}